{"id":1411,"date":"2023-03-29T11:08:36","date_gmt":"2023-03-29T09:08:36","guid":{"rendered":"https:\/\/agorasistemes.es\/condicions-dus\/"},"modified":"2024-02-14T10:56:30","modified_gmt":"2024-02-14T09:56:30","slug":"condicions-dus","status":"publish","type":"page","link":"https:\/\/agorasistemes.es\/ca\/condicions-dus\/","title":{"rendered":"Condicions d&#8217;\u00fas"},"content":{"rendered":"<p>[et_pb_section fb_built=&#8221;1&#8243; fullwidth=&#8221;on&#8221; _builder_version=&#8221;4.20.2&#8243; _module_preset=&#8221;default&#8221; global_colors_info=&#8221;{}&#8221;][et_pb_fullwidth_header title=&#8221;CONDICIONS D&apos;\u00daS&#8221; background_overlay_color=&#8221;rgba(0,0,0,0.4)&#8221; _builder_version=&#8221;4.20.4&#8243; _module_preset=&#8221;default&#8221; background_color=&#8221;RGBA(255,255,255,0)&#8221; background_image=&#8221;https:\/\/agorasistemes.es\/wp-content\/uploads\/2023\/03\/Contabilidad-fiscal-scaled.jpg&#8221; custom_padding=&#8221;110px||110px|||&#8221; hover_enabled=&#8221;0&#8243; global_colors_info=&#8221;{}&#8221; sticky_enabled=&#8221;0&#8243;][\/et_pb_fullwidth_header][\/et_pb_section][et_pb_section fb_built=&#8221;1&#8243; _builder_version=&#8221;4.20.2&#8243; _module_preset=&#8221;default&#8221; global_colors_info=&#8221;{}&#8221;][et_pb_row _builder_version=&#8221;4.20.2&#8243; _module_preset=&#8221;default&#8221; global_colors_info=&#8221;{}&#8221;][et_pb_column type=&#8221;4_4&#8243; _builder_version=&#8221;4.20.2&#8243; _module_preset=&#8221;default&#8221; global_colors_info=&#8221;{}&#8221;][et_pb_text _builder_version=&#8221;4.20.2&#8243; _module_preset=&#8221;default&#8221; global_colors_info=&#8221;{}&#8221;]<\/p>\n<h3><span>Dades del propietari de la web: <\/span><\/h3>\n<p><span><strong>RA\u00d3 SOCIAL<\/strong>: \u00c0GORA SISTEMES S.L.<\/span><br \/><span><strong>CIF<\/strong>: B61695755<\/span><br \/><span><strong>DIRECCIO\u0301 POSTAL<\/strong>: <a href=\"https:\/\/goo.gl\/maps\/6xFUY52jyEPCjMox9\">CARRER DE VOLTA, 28, 08224 TERRASSA (BARCELONA)<\/a><\/span><br \/><strong>DIRECCIO\u0301 ELECTR\u00d2NICA<\/strong>: <a href=\"mailto:agora@agorasistemes.com\">agora@agorasistemes.com<\/a><br \/><span><strong>TEL\u00c8FON<\/strong>: <a href=\"tel:937800083\" class=\"telf\">93 780 00 83<\/a><br \/><strong>REGISTRE MERCANTIL<\/strong>: <\/span><br \/><span><strong>OBJECTE PRINCIPAL<\/strong>: Gestoria i assessoria.<\/span><\/p>\n<p><span><\/span><\/p>\n<h3><span>Proteccio\u0301 de dades <\/span><\/h3>\n<div class=\"layoutArea\">\n<div class=\"column\">\n<p><span>De conformitat amb la normativa vigent i aplicable en protecci\u00f3 de dades de car\u00e0cter personal, l&#8217;informem que les seves dades seran incorporades al sistema de tractament titularitat de \u00c0GORA SISTEMES S.L. amb CIF B61695755 i domicili social situat en CARRER DE VOLTA, 28, 08224 TERRASSA (BARCELONA), i que a continuaci\u00f3 es relacionen les seves respectives finalitats, terminis de conservaci\u00f3 i bases legitimadores. Per a aquells tractaments que ho requereixin, s&#8217;informa tamb\u00e9 de la possible elaboraci\u00f3 de perfils i decisions automatitzades, aix\u00ed com les possibles cessions i les transfer\u00e8ncies internacionals que \u00c0GORA SISTEMES S.L. t\u00e9 previst realitzar:<\/span><\/p>\n<p><span><\/span><\/p>\n<h3><span>TRACTAMENTS REALITZATS <\/span><\/h3>\n<\/div>\n<table>\n<tbody>\n<tr>\n<td>\n<div class=\"layoutArea\">\n<div class=\"column\">\n<p><strong>Gesti\u00f3 de la p\u00e0gina web <\/strong><\/p>\n<\/div>\n<\/div>\n<\/td>\n<td>\n<div class=\"layoutArea\">\n<div class=\"column\">\n<p><strong>Finalitat<\/strong><span>: Tractament i gesti\u00f3 de les dades necess\u00e0ries per a la funcionalitat de la p\u00e0gina web<br \/><\/span><strong> Termini de conservaci\u00f3<\/strong><span>: mentre perduri el consentiment prestat.<br \/><\/span><strong>Base legi\u0301tima<\/strong><span>: El consentiment de l&#8217;interessat.<\/span><br \/><strong>Tipologi\u0301a de Dades<\/strong><span>: Dades merament identificatives.<\/span><br \/><strong>Cessions<\/strong><span>: No es preveuen.<br \/><\/span><strong>Transfer\u00e8ncies internacionals<\/strong><span>: No es preveuen.<\/span><br \/><strong>Elaboracions de perfils<\/strong><span>: No es preveuen.<\/span><\/p>\n<\/div>\n<\/div>\n<\/td>\n<\/tr>\n<tr>\n<td>\n<div class=\"layoutArea\">\n<div class=\"column\">\n<p><strong>Formulari web <\/strong><\/p>\n<\/div>\n<\/div>\n<\/td>\n<td>\n<div class=\"layoutArea\">\n<div class=\"column\">\n<p><strong>Finalitat<\/strong><span>: Atendre les seves consultes i\/o sol\u00b7licituds.<br \/><\/span><strong> Termini de conservaci\u00f3<\/strong><span>: mentre es mantingui el consentiment prestat.<\/span><br \/><strong>Base legi\u0301tima<\/strong><span>: El consentiment de l&#8217;interessat.<br \/><\/span><span><strong>Tipologiia de Dades<\/strong>:<\/span><span>Dades merament identificatives.<br \/><\/span><strong>Cessions<\/strong><span>: Cap.<br \/><\/span><strong>Transfer\u00e8ncies internacionals<\/strong><span>: No es preveuen.<br \/><\/span><strong>Elaboracions de perfils<\/strong><span>: No es preveuen.<\/span><\/p>\n<\/div>\n<\/div>\n<\/td>\n<\/tr>\n<tr>\n<td>\n<div class=\"layoutArea\">\n<div class=\"column\">\n<p><strong><span>Gesti\u00f3 del compliment normatiu<\/span><\/strong><\/p>\n<\/div>\n<\/div>\n<\/td>\n<td>\n<div class=\"layoutArea\">\n<div class=\"column\">\n<p><strong>Finalitat<\/strong><span>: Gesti\u00f3 i tramitaci\u00f3 de les obligacions i deures que es derivin del compliment de la normativa a la qual est\u00e0 subjecta l&#8217;entitat .<br \/><\/span><strong>Termini de conservacio\u0301<\/strong><span>: conservaci\u00f3 de les c\u00f2pies dels documents fins que prescriguin les accions per a reclamar-li una possible responsabilitat.<\/span><br \/><strong>Base legi\u0301tima<\/strong><span>: El compliment d&#8217;una llei.<br \/><\/span><span><strong>Tipologia de Dades<\/strong>:<\/span><span>Dades merament identificatives.<br \/><\/span><strong>Cessions<\/strong><span>: les seves dades seran comunicades en cas de ser necessari a Organismes i\/o administraci\u00f3 p\u00fablica amb compet\u00e8ncia en la mat\u00e8ria amb la finalitat de complir amb les obligacions establertes en la normativa aplicable. A m\u00e9s, s&#8217;informa que la base legitimadora de la cessi\u00f3 \u00e9s complir amb les obligacions establertes en la normativa aplicable.<br \/><\/span><strong>Transfer\u00e8ncias internacionals<\/strong><span>: No es preveuen.<br \/><\/span><strong>Elaboracions de perfils<\/strong><span>: No es preveuen.<\/span><strong><\/strong><\/p>\n<\/div>\n<\/div>\n<\/td>\n<\/tr>\n<tr>\n<td><strong>Accions Comercials<\/strong><\/td>\n<td>\n<div class=\"layoutArea\">\n<div class=\"column\">\n<p><strong>Finalitat<\/strong><span>: Captaci\u00f3, registre i tractament de dades amb finalitats de publicitat i prospecci\u00f3 comercial dels nostres productes i\/o serveis.<br \/><\/span><strong>Termini de conservacio\u0301<\/strong><span>: mentre es mantingui el consentiment prestat .<br \/><\/span><strong>Base legi\u0301tima<\/strong><span>: El consentiment de l&#8217;interessat.<\/span><br \/><span><strong>Tipologia de Dades<\/strong>:<\/span><span>Dades merament identificatives.<\/span><br \/><strong>Cessions<\/strong><span>: Cap.<br \/><\/span><strong>Transfer\u00e8ncies internacionals<\/strong><span>: No es preveuen.<\/span><br \/><span> <\/span><strong>Elaboracions de perfils<\/strong><span>: No es preveuen.<\/span><span><\/span><\/p>\n<\/div>\n<\/div>\n<\/td>\n<\/tr>\n<\/tbody>\n<\/table>\n<div class=\"page\" title=\"Page 19\">\n<h3>Drets dels interessats<\/h3>\n<div class=\"layoutArea\">\n<div class=\"column\">\n<p><span>\u00c0GORA SISTEMES S.L. informa els Usuaris que, podr\u00e0 exercir els drets d&#8217;acc\u00e9s, rectificaci\u00f3, limitaci\u00f3, supressi\u00f3, portabilitat i oposici\u00f3 al tractament de les seves dades de car\u00e0cter personal davant el Responsable del Tractament, aix\u00ed com a la retirada del consentiment prestat. <\/span><\/p>\n<ul>\n<li><span>Dret d&#8217;Acc\u00e9s<\/span><span>: \u00c9s el dret de l&#8217;usuari a obtenir informaci\u00f3 sobre les seves dades concretes de car\u00e0cter personal i del tractament que s&#8217;hagi realitzat o realitzi, aix\u00ed com de la informaci\u00f3 disponible sobre l&#8217;origen d&#8217;aquestes dades i les comunicacions realitzades o previstes d&#8217;aquests. <\/span><\/li>\n<li>Dret de Rectificaci\u00f3: \u00c9s el dret de l&#8217;afectat al fet que es modifiquin les dades que resultin ser inexactes o incomplets. Nom\u00e9s podr\u00e0 satisfer-se en relaci\u00f3 a aquella informaci\u00f3 que es trobi sota el control de l&#8217;APP, per exemple, eliminar comentaris publicats en la pr\u00f2pia p\u00e0gina, imatges o continguts web on constin dades de car\u00e0cter personal de l&#8217;usuari<\/li>\n<li>Dret a la Limitaci\u00f3 de tractament: \u00c9s el dret al fet que es limitin els fins del tractament previstos de manera original pel responsable del tractament.<\/li>\n<li>Dret de Supressi\u00f3: \u00c9s el dret a suprimir les dades de car\u00e0cter personal de l&#8217;usuari, a excepci\u00f3 del que es preveu en el propi RGPD o en altres normatives aplicables que determinin l&#8217;obligatorietat de la conservaci\u00f3 d&#8217;aquests, dins del termini i en la forma escaient.<\/li>\n<li>Dret de portabilitat: El dret a rebre les dades personals que l&#8217;usuari, hagi facilitat, en un format estructurat, d&#8217;\u00fas com\u00fa i lectura mec\u00e0nica, i a transmetre&#8217;ls a un altre responsable.<\/li>\n<li>Dret d&#8217;Oposici\u00f3: \u00c9s el dret de l&#8217;usuari al fet que no es dugui a terme el tractament de les seves dades de car\u00e0cter personal o se cessi el tractament dels mateixos per part d&#8217;\u00c0GORA SISTEMES<span> S.L<\/span>.<\/li>\n<\/ul>\n<\/div>\n<\/div>\n<\/div>\n<div class=\"page\" title=\"Page 20\">\n<div class=\"layoutArea\">\n<div class=\"column\">\n<p><span>Per a poder exercir qualsevol dels drets descrits anteriorment haur\u00e0 de complir amb els seg\u00fcents requisits: <\/span><\/p>\n<ul>\n<li><span>Presentaci\u00f3 d&#8217;un escrit a l&#8217;adre\u00e7a CARRER DE VOLTA, 28, 08224 TERRASSA (BARCELONA) o b\u00e9 a trav\u00e9s de correu electr\u00f2nic <a href=\"mailto:agora@agorasistemes.com\">agora@agorasistemes.com<\/a><\/span><span>. <\/span> <\/li>\n<li><span>L&#8217;escrit rem\u00e8s pel titular de les dades que sol\u00b7liciti l&#8217;exercici haur\u00e0 de complir els seg\u00fcents requisits legals:<\/span>\n<ul>\n<li>Nom, cognoms de l&#8217;interessat i c\u00f2pia del DNI\/NIE o qualsevol document identificatiu. En els excepcionals casos en qu\u00e8 s&#8217;admeti la representaci\u00f3, ser\u00e0 tamb\u00e9 necess\u00e0ria la identificaci\u00f3 pel mateix mitj\u00e0 de la persona que li representa, aix\u00ed com el document acreditatiu de la representaci\u00f3. La fotoc\u00f2pia del DNI podr\u00e0 ser substitu\u00efda sempre que s&#8217;acrediti la identitat per qualsevol altre mitj\u00e0 v\u00e0lid en dret.<\/li>\n<li>Petici\u00f3 en qu\u00e8 es concreta la sol\u00b7licitud. (Exercici en el qual es sol\u00b7licita la informaci\u00f3 a la qual es vol accedir). Si no fa refer\u00e8ncia a un fitxer concret se li facilitar\u00e0 tota la informaci\u00f3 que es tingui amb les seves dades de car\u00e0cter personal. Si sol\u00b7licita informaci\u00f3 d&#8217;un fitxer en concret, nom\u00e9s la informaci\u00f3 d&#8217;aquest fitxer. Si sol\u00b7licita informaci\u00f3 relativa a un tercer mai es podr\u00e0 facilitar. Si ho sol\u00b7licita per tel\u00e8fon se li indicar\u00e0 que ho faci per escrit i se l&#8217;informar\u00e0 de com ho pot fer i l&#8217;adre\u00e7a a la qual ha d&#8217;enviar-ho. Mai se li donar\u00e0 informaci\u00f3 per tel\u00e8fon.<\/li>\n<li>Domicili a l&#8217;efecte de notificacions.<\/li>\n<li>Data i signatura del sol\u00b7licitant.<\/li>\n<li>Documents acreditatius de la petici\u00f3 que formula.<\/li>\n<li>L&#8217;interessat ha d&#8217;utilitzar qualsevol mitj\u00e0 que permeti acreditar l&#8217;enviament i la recepci\u00f3 de la sol\u00b7licitud.<\/li>\n<\/ul>\n<\/li>\n<\/ul>\n<p><span>Finalment, l&#8217;informem que Vost\u00e8 t\u00e9 dret a presentar una reclamaci\u00f3 davant l&#8217;Ag\u00e8ncia Espanyola de Protecci\u00f3 de Dades en cas que tingui coneixement o consideri que un fet pugui suposar un incompliment de la normativa aplicable en mat\u00e8ria de protecci\u00f3 de dades. <\/span><\/p>\n<p><span>\u00c0GORA SISTEMES S.L. es compromet a adoptar les mesures t\u00e8cniques i organitzatives necess\u00e0ries, concorde al nivell de riscos que acompanyen els tractaments realitzats per aquestes i indicats en l&#8217;apartat dels termes i condicions d&#8217;\u00fas, de manera que garanteixin la seva integritat, confidencialitat i disponibilitat.<\/span><\/p>\n<p><span><\/span><\/p>\n<div class=\"page\" title=\"Page 22\">\n<div class=\"layoutArea\">\n<div class=\"column\">\n<h3><span>USUARI I R\u00c8GIM DE RESPONSABILITATS <\/span><\/h3>\n<p><span>La navegaci\u00f3, acc\u00e9s i \u00fas pel lloc web de \u00c0GORA SISTEMES S.L. confereix la condici\u00f3 d&#8217;usuari, per la qual s&#8217;accepten, des de la navegaci\u00f3 pel lloc web de \u00c0GORA SISTEMES S.L., totes les condicions d&#8217;\u00fas aqu\u00ed establertes sense perjudici de l&#8217;aplicaci\u00f3 de la corresponent normativa d&#8217;obligat compliment legal segons el cas. <\/span><\/p>\n<p><span>El lloc web de \u00c0GORA SISTEMES S.L. proporciona gran diversitat d&#8217;informaci\u00f3, serveis i dades. L&#8217;usuari assumeix la seva responsabilitat en l&#8217;\u00fas correcte del lloc web. Aquesta responsabilitat s&#8217;estendr\u00e0 a:<\/span><\/p>\n<ul>\n<li><span style=\"font-size: 18px;\">La veracitat i licitud de les informacions aportades per l&#8217;usuari en els formularis estesos per <span>\u00c0GORA SISTEMES<\/span> S.L. per a l&#8217;acc\u00e9s a uns certs continguts o serveis oferts pel web.<\/span><\/li>\n<li>L&#8217;\u00fas de la informaci\u00f3, serveis i dades ofertes per <span>\u00c0GORA SISTEMES S.L. <\/span>contr\u00e0riament al que es disposa per les presents condicions, la Llei, la moral, els bons costums o l&#8217;ordre p\u00fablic, o que de qualsevol altre mode puguin suposar lesi\u00f3 dels drets de tercers o del mateix funcionament del lloc web.<\/li>\n<\/ul>\n<h3><span>POL\u00cdTICA D&#8217;ENLLA\u00c7OS I EXEMPCIONS DE RESPONSABILITAT <\/span><\/h3>\n<p><span>\u00c0GORA SISTEMES S.L. no es fa responsable del contingut dels llocs web als quals l&#8217;usuari pugui accedir a trav\u00e9s dels enlla\u00e7os establerts en el seu lloc web i declara que en cap cas procedir\u00e0 a examinar o exercitar cap mena de control sobre el contingut d&#8217;altres llocs de la xarxa. Aix\u00ed mateix, tampoc garantir\u00e0 la disponibilitat t\u00e8cnica, exactitud, veracitat, validesa o legalitat de llocs aliens a la seva propietat als quals es pugui accedir per mitj\u00e0 dels enlla\u00e7os.<\/span><\/p>\n<\/div>\n<\/div>\n<\/div>\n<div class=\"page\" title=\"Page 23\">\n<div class=\"layoutArea\">\n<div class=\"column\">\n<p><span>\u00c0GORA SISTEMES S.L. declara haver adoptat totes les mesures necess\u00e0ries per a evitar qualsevol mal als usuaris del seu lloc web, que poguessin derivar-se de la navegaci\u00f3 pel seu lloc web. En conseq\u00fc\u00e8ncia, \u00c0GORA SISTEMES S.L. no es fa responsable, en cap cas, dels eventuals danys que per la navegaci\u00f3 per Internet pogu\u00e9s sofrir l&#8217;usuari. <\/span><\/p>\n<h3><span>MODIFICACIONS <\/span><\/h3>\n<p><span>\u00c0GORA SISTEMES S.L.<\/span><span> es reserva el dret a realitzar les modificacions que consideri oportunes, sense av\u00eds previ, en el contingut del seu lloc web. Tant referent als continguts del lloc web, com en les condicions d&#8217;\u00fas d&#8217;aquest, o en les condicions generals de contractaci\u00f3. Aquestes modificacions podran realitzar-se a trav\u00e9s del seu lloc web per qualsevol forma admissible en dret i seran d&#8217;obligat compliment durant el temps en qu\u00e8 es trobin publicades en el web i fins que no siguin modificades v\u00e0lidament per altres posteriors. <\/span><\/p>\n<h3><span>PROPIETAT INTEL\u00b7LECTUAL I INDUSTRIAL <\/span><\/h3>\n<p><span>\u00c0GORA SISTEMES S.L. per si mateixa o com a cession\u00e0ria, \u00e9s titular de tots els drets de propietat intel\u00b7lectual i industrial de la seva p\u00e0gina web, aix\u00ed com dels elements continguts en la mateixa (a t\u00edtol enunciatiu, imatges, so, \u00e0udio, v\u00eddeo, programari o textos; marques o logotips, combinacions de colors, estructura i disseny, selecci\u00f3 de materials usats, programes d&#8217;ordinador necessaris per al seu funcionament, acc\u00e9s i \u00fas, etc.), titularitat de \u00c0GORA SISTEMES S.L. Seran, per conseg\u00fcent, obres protegides com a propietat intel\u00b7lectual per l&#8217;ordenament jur\u00eddic espanyol, sent-los aplicables tant la normativa espanyola i comunit\u00e0ria en aquest camp, com els tractats internacionals relatius a la mat\u00e8ria i subscrits per Espanya. <\/span><\/p>\n<p><span>Tots els drets reservats. En virtut del que es disposa en la Llei de Propietat Intel\u00b7lectual, queden expressament prohibides la reproducci\u00f3, la distribuci\u00f3 i la comunicaci\u00f3 p\u00fablica, inclosa la seva modalitat de posada a disposici\u00f3, de la totalitat o part dels continguts d&#8217;aquesta p\u00e0gina web, amb finalitats comercials, en qualsevol suport i per qualsevol mitj\u00e0 t\u00e8cnic, sense l&#8217;autoritzaci\u00f3 de \u00c0GORA SISTEMES S.L.<\/span><\/p>\n<p><span>L&#8217;usuari es compromet a respectar els drets de Propietat Intel\u00b7lectual i Industrial titularitat de \u00c0GORA SISTEMES S.L. Podr\u00e0 visualitzar els elements del portal i fins i tot imprimir-los, copiar-los i emmagatzemar-los en el disc dur del seu ordinador o en qualsevol altre suport f\u00edsic sempre que sigui, exclusivament, per al seu \u00fas personal i privat. L&#8217;usuari haur\u00e0 d&#8217;abstenir-se de suprimir, alterar, eludir o manipular qualsevol dispositiu de protecci\u00f3 o sistema de seguretat que estigu\u00e9s instal\u00b7lat en les p\u00e0gines de \u00c0GORA SISTEMES S.L.<\/span><\/p>\n<h3><span>CERTIFICAT SSL (SECURE SOCKETS LAYER) <\/span><\/h3>\n<p><span>El CERTIFICAT SSL proporciona autenticaci\u00f3, privacitat i seguretat de la informaci\u00f3 entre \u00c0GORA SISTEMES S.L. i l&#8217;usuari. <\/span><\/p>\n<p><span>\u00c0GORA SISTEMES S.L. disposa d&#8217;un certificat de seguretat que s&#8217;utilitza per CERTIFICAT SSL per a realitzar connexions segures. <\/span><\/p>\n<p><span>En aquest proc\u00e9s s&#8217;estableixen diversos par\u00e0metres per a realitzar la connexi\u00f3 de manera segura i s&#8217;estableix usant claus preestablertes, codificant i descodificant totes les dades enviades fins que la connexi\u00f3 sigui tancada.<\/span><\/p>\n<\/div>\n<\/div>\n<\/div>\n<div class=\"page\" title=\"Page 24\">\n<div class=\"layoutArea\">\n<div class=\"column\">\n<h3><span><\/span><\/h3>\n<h3><span><\/span><\/h3>\n<h3><span>ACCIONS LEGALS, LEGISLACI\u00d3 APLICABLE I JURISDICCI\u00d3 <\/span><\/h3>\n<p><span>\u00c0GORA SISTEMES S.L. es reserva, aix\u00ed mateix, la facultat de presentar les accions civils o penals que consideri oportunes per la utilitzaci\u00f3 indeguda del seu lloc web i continguts, o per l&#8217;incompliment de les presents condicions. <\/span><\/p>\n<p><span>La relaci\u00f3 entre l&#8217;usuari i el prestador es regir\u00e0 per la normativa vigent i d&#8217;aplicaci\u00f3 en el territori espanyol. De sorgir qualsevol controv\u00e8rsia les parts podran sotmetre els seus conflictes a arbitratge o acudir a la jurisdicci\u00f3 ordin\u00e0ria complint amb les normes sobre jurisdicci\u00f3 i compet\u00e8ncia sobre aquest tema.<\/span><\/p>\n<p><span>Els contractes subscrits per via electr\u00f2nica en els quals intervingui com a part un consumidor es presumiran celebrats en el lloc en qu\u00e8 aquest tingui la seva resid\u00e8ncia habitual. <\/span><\/p>\n<p><span>Els contractes electr\u00f2nics entre empresaris o professionals, a falta de pacte entre les parts, es presumiran celebrats en el lloc en qu\u00e8 estigui establert el prestador de serveis. <\/span><\/p>\n<\/div>\n<\/div>\n<\/div>\n<\/div>\n<\/div>\n<\/div>\n<\/div>\n<p>[\/et_pb_text][\/et_pb_column][\/et_pb_row][\/et_pb_section]<\/p>\n","protected":false},"excerpt":{"rendered":"<p>Dades del propietari de la web: RA\u00d3 SOCIAL: \u00c0GORA SISTEMES S.L.CIF: B61695755DIRECCIO\u0301 POSTAL: CARRER DE VOLTA, 28, 08224 TERRASSA (BARCELONA)DIRECCIO\u0301 ELECTR\u00d2NICA: agora@agorasistemes.comTEL\u00c8FON: 93 780 00 83REGISTRE MERCANTIL: OBJECTE PRINCIPAL: Gestoria i assessoria. Proteccio\u0301 de dades De conformitat amb la normativa vigent i aplicable en protecci\u00f3 de dades de car\u00e0cter personal, l&#8217;informem que les seves dades [&hellip;]<\/p>\n","protected":false},"author":4,"featured_media":0,"parent":0,"menu_order":0,"comment_status":"closed","ping_status":"closed","template":"","meta":{"_et_pb_use_builder":"on","_et_pb_old_content":"","_et_gb_content_width":"","footnotes":""},"class_list":["post-1411","page","type-page","status-publish","hentry"],"_links":{"self":[{"href":"https:\/\/agorasistemes.es\/ca\/wp-json\/wp\/v2\/pages\/1411","targetHints":{"allow":["GET"]}}],"collection":[{"href":"https:\/\/agorasistemes.es\/ca\/wp-json\/wp\/v2\/pages"}],"about":[{"href":"https:\/\/agorasistemes.es\/ca\/wp-json\/wp\/v2\/types\/page"}],"author":[{"embeddable":true,"href":"https:\/\/agorasistemes.es\/ca\/wp-json\/wp\/v2\/users\/4"}],"replies":[{"embeddable":true,"href":"https:\/\/agorasistemes.es\/ca\/wp-json\/wp\/v2\/comments?post=1411"}],"version-history":[{"count":2,"href":"https:\/\/agorasistemes.es\/ca\/wp-json\/wp\/v2\/pages\/1411\/revisions"}],"predecessor-version":[{"id":1413,"href":"https:\/\/agorasistemes.es\/ca\/wp-json\/wp\/v2\/pages\/1411\/revisions\/1413"}],"wp:attachment":[{"href":"https:\/\/agorasistemes.es\/ca\/wp-json\/wp\/v2\/media?parent=1411"}],"curies":[{"name":"wp","href":"https:\/\/api.w.org\/{rel}","templated":true}]}}